{"id":28,"date":"2021-07-02T09:59:44","date_gmt":"2021-07-02T07:59:44","guid":{"rendered":"http:\/\/voetgolfinternational.nl\/?page_id=28"},"modified":"2026-04-29T11:27:51","modified_gmt":"2026-04-29T09:27:51","slug":"speluitleg","status":"publish","type":"page","link":"https:\/\/voetgolfinternational.nl\/de\/speluitleg\/","title":{"rendered":"Spielerkl\u00e4rung"},"content":{"rendered":"<div data-elementor-type=\"wp-page\" data-elementor-id=\"28\" class=\"elementor elementor-28\" data-elementor-post-type=\"page\">\n\t\t\t\t\t\t<section class=\"elementor-section elementor-top-section elementor-element elementor-element-b85a506 elementor-section-height-min-height elementor-section-boxed elementor-section-height-default elementor-section-items-middle\" data-id=\"b85a506\" data-element_type=\"section\" data-settings=\"{&quot;background_background&quot;:&quot;classic&quot;}\">\n\t\t\t\t\t\t\t<div class=\"elementor-background-overlay\"><\/div>\n\t\t\t\t\t\t\t<div class=\"elementor-container elementor-column-gap-default\">\n\t\t\t\t\t<div class=\"elementor-column elementor-col-100 elementor-top-column elementor-element elementor-element-fbe00e3\" data-id=\"fbe00e3\" data-element_type=\"column\">\n\t\t\t<div class=\"elementor-widget-wrap elementor-element-populated\">\n\t\t\t\t\t\t<div class=\"elementor-element elementor-element-b385ed0 elementor-widget elementor-widget-heading\" data-id=\"b385ed0\" data-element_type=\"widget\" data-widget_type=\"heading.default\">\n\t\t\t\t<div class=\"elementor-widget-container\">\n\t\t\t<h2 class=\"elementor-heading-title elementor-size-default\">Spielerkl\u00e4rung<\/h2>\t\t<\/div>\n\t\t\t\t<\/div>\n\t\t\t\t\t<\/div>\n\t\t<\/div>\n\t\t\t\t\t<\/div>\n\t\t<\/section>\n\t\t\t\t<section class=\"elementor-section elementor-top-section elementor-element elementor-element-f1549ff elementor-section-boxed elementor-section-height-default elementor-section-height-default\" data-id=\"f1549ff\" data-element_type=\"section\">\n\t\t\t\t\t\t<div class=\"elementor-container elementor-column-gap-default\">\n\t\t\t\t\t<div class=\"elementor-column elementor-col-100 elementor-top-column elementor-element elementor-element-f7acfe8\" data-id=\"f7acfe8\" data-element_type=\"column\">\n\t\t\t<div class=\"elementor-widget-wrap elementor-element-populated\">\n\t\t\t\t\t\t<div class=\"elementor-element elementor-element-34304a6 elementor-tabs-view-horizontal elementor-widget elementor-widget-tabs\" data-id=\"34304a6\" data-element_type=\"widget\" data-widget_type=\"tabs.default\">\n\t\t\t\t<div class=\"elementor-widget-container\">\n\t\t\t\t\t<div class=\"elementor-tabs\">\n\t\t\t<div class=\"elementor-tabs-wrapper\" role=\"tablist\" >\n\t\t\t\t\t\t\t\t\t<div id=\"elementor-tab-title-5471\" class=\"elementor-tab-title elementor-tab-desktop-title\" aria-selected=\"true\" data-tab=\"1\" role=\"tab\" tabindex=\"0\" aria-controls=\"elementor-tab-content-5471\" aria-expanded=\"false\">Spielerkl\u00e4rung<\/div>\n\t\t\t\t\t\t\t\t\t<div id=\"elementor-tab-title-5472\" class=\"elementor-tab-title elementor-tab-desktop-title\" aria-selected=\"false\" data-tab=\"2\" role=\"tab\" tabindex=\"-1\" aria-controls=\"elementor-tab-content-5472\" aria-expanded=\"false\">Spielregeln<\/div>\n\t\t\t\t\t\t\t\t\t<div id=\"elementor-tab-title-5473\" class=\"elementor-tab-title elementor-tab-desktop-title\" aria-selected=\"false\" data-tab=\"3\" role=\"tab\" tabindex=\"-1\" aria-controls=\"elementor-tab-content-5473\" aria-expanded=\"false\">Vorschriften<\/div>\n\t\t\t\t\t\t\t\t\t<div id=\"elementor-tab-title-5474\" class=\"elementor-tab-title elementor-tab-desktop-title\" aria-selected=\"false\" data-tab=\"4\" role=\"tab\" tabindex=\"-1\" aria-controls=\"elementor-tab-content-5474\" aria-expanded=\"false\">Scorecard<\/div>\n\t\t\t\t\t\t\t<\/div>\n\t\t\t<div class=\"elementor-tabs-content-wrapper\" role=\"tablist\" aria-orientation=\"vertical\">\n\t\t\t\t\t\t\t\t\t<div class=\"elementor-tab-title elementor-tab-mobile-title\" aria-selected=\"true\" data-tab=\"1\" role=\"tab\" tabindex=\"0\" aria-controls=\"elementor-tab-content-5471\" aria-expanded=\"false\">Spielerkl\u00e4rung<\/div>\n\t\t\t\t\t<div id=\"elementor-tab-content-5471\" class=\"elementor-tab-content elementor-clearfix\" data-tab=\"1\" role=\"tabpanel\" aria-labelledby=\"elementor-tab-title-5471\" tabindex=\"0\" hidden=\"false\"><h4><strong>Erkl\u00e4rung zum Fu\u00dfgolf<\/strong><\/h4><p><strong>Dauer<\/strong>\u00a0:\u00a0 1 Stunde oder 2 Stunden Spielzeit.\u00a0<\/p><p><strong>Schuhe<\/strong>\u00a0: Sportschuhe, Turnschuhe<strong>\u00a0Es sind keine Fu\u00dfballschuhe mit Nieten erlaubt.<\/strong><\/p><p>Fu\u00dfgolf ist eine Kombination aus einem Teil des Fu\u00dfballs, n\u00e4mlich der Schlagtechnik, und der Platzkenntnis des Golfsports bzw. der Platzverwaltung. Die Regeln des Golfsports gelten haupts\u00e4chlich f\u00fcr Fu\u00dfgolf. Alle L\u00f6cher beginnen auf einem blauen Kunststoffrasen. Ziel ist es, den Ball in m\u00f6glichst wenigen Schritten vom Kunstrasen ins Loch zu bef\u00f6rdern.<\/p><p>Diese Strecke ist vollst\u00e4ndig f\u00fcr diesen Sport vorbereitet. Die Hindernisse im Platz sind oft nat\u00fcrlich und aus dem Golfsport \u00fcbernommen, wie Bunker, H\u00fcgel und unterschiedliche Grash\u00f6hen. Gespielt wird mit einem Lederfu\u00dfball (f\u00fcnf) mit verschiedenen Gewichtsklassen (420\/360\/290 Gramm). Je k\u00fcrzer das Gras, desto schneller rollt der Ball nach einem Tritt heraus. Der Platz ist wie ein Golfplatz pr\u00e4pariert. Die ideale Richtung zur Flagge ist beim Ansto\u00df durch den kurzen gem\u00e4hten Streifen, der von der blauen Kunststoff-Absto\u00dfmatte bis zur Flagge verl\u00e4uft, deutlich erkennbar. Wenn Sie beim Absto\u00df abweichen, landet der Ball im h\u00f6heren bis sehr hohen Gras (auch Rough genannt). Wer also \u00fcber eine gute Schusstechnik verf\u00fcgt und auch genau wei\u00df, wie er mit m\u00f6glichst wenigen Schl\u00e4gen ins Loch gelangt, wird ein besseres Ergebnis erzielen als Spieler, die hart treten und viel Distanz schaffen wollen.<\/p><p>Lesen Sie auch die Regeln sorgf\u00e4ltig durch, damit Sie beim Einstieg in den Kurs keine \u00dcberraschungen erleben. Unser Ziel ist die Verwirklichung und Entwicklung dieses Sports. Eine s\u00fcchtig machende Wirkung, egal ob das Spiel gut oder schlecht ist, die Leute wollen wieder auf den Platz.<\/p><\/div>\n\t\t\t\t\t\t\t\t\t<div class=\"elementor-tab-title elementor-tab-mobile-title\" aria-selected=\"false\" data-tab=\"2\" role=\"tab\" tabindex=\"-1\" aria-controls=\"elementor-tab-content-5472\" aria-expanded=\"false\">Spielregeln<\/div>\n\t\t\t\t\t<div id=\"elementor-tab-content-5472\" class=\"elementor-tab-content elementor-clearfix\" data-tab=\"2\" role=\"tabpanel\" aria-labelledby=\"elementor-tab-title-5472\" tabindex=\"0\" hidden=\"hidden\"><h4><strong>Regeln f\u00fcr Fu\u00dfgolf<\/strong><\/h4><ul><li style=\"list-style-type: none;\"><ul><li>Zu Beginn werden Punktekarten mit den Mitspielern ausgetauscht. Sie sind der Schiedsrichter Ihres Mitspielers und notieren den Spielstand an jedem Loch und addieren ihn anschlie\u00dfend.<\/li><li>\u00a0An jedem Loch erfolgt der Ansto\u00df NUR ab 1<strong>\u00a0Blau<\/strong>\u00a0kunstgras mat. De volgorde is vrij. Loop pas weg bij de aftrapmat totdat\u00a0iedereen van jouw flight ( groepje\u00a0)\u00a0heeft afgetrapt. Loop na de aftrap niet verder dan de bal die het verste van de vlag ligt en speel deze. Dus altijd de bal spelen die het verste van de hole verwijderd is. Op de green mag men de bal afmaken.<\/li><li>Die Abbiegereihenfolge auf der Fahrspur ist immer diejenige, die am weitesten von der Flagge entfernt ist. Laufen Sie niemals direkt hinter dem von Ihnen gespielten Ball her, sondern warten Sie immer, bis der am weitesten von der Fahne entfernte Ball gespielt wurde, bis Sie Ihren eigenen Ball erreichen.<\/li><li>Ligt de bal in een bunker dan mag men alleen uit stand trappen. Bij verlaten de bunker\u00a0aanharken ( indien aanwezig ).<\/li><li><strong>Wei\u00dfe Beitr\u00e4ge<\/strong>: Wanneer een bal buiten de witte paaltjes getrapt wordt\u00a0ligt de bal buiten het speelveld. Je plaatst de bak terug op de plek waar de laatste trap gedaan is. Je noteert\u00a0<strong>eine zus\u00e4tzliche Strafe<\/strong>.<\/li><li>Sie d\u00fcrfen einen Ball NUR dann aufnehmen, wenn sich ein Ball in Spielrichtung befindet, dem Sie mit einem Tritt nicht oder kaum ausweichen k\u00f6nnen. Markieren Sie den Ball, bevor er aufgenommen wird.<\/li><li>Spielen Sie den Ball IMMER so, wie er liegt. Dies gilt auch, wenn der Ball gegen einen Zaun, einen Baum oder in\/gegen ein Hindernis schl\u00e4gt.<\/li><li>Wird ein weiterer Ball geschlagen, wird NUR der getroffene Ball zur\u00fcckgelegt. Keine Strafe.<\/li><li>Die Flagge darf nicht entfernt werden.<\/li><li>Bei mehr als 8 Sch\u00fcssen wird der Ball aufgenommen und eine 9 auf der Punktekarte vermerkt.<\/li><\/ul><\/li><\/ul><\/div>\n\t\t\t\t\t\t\t\t\t<div class=\"elementor-tab-title elementor-tab-mobile-title\" aria-selected=\"false\" data-tab=\"3\" role=\"tab\" tabindex=\"-1\" aria-controls=\"elementor-tab-content-5473\" aria-expanded=\"false\">Vorschriften<\/div>\n\t\t\t\t\t<div id=\"elementor-tab-content-5473\" class=\"elementor-tab-content elementor-clearfix\" data-tab=\"3\" role=\"tabpanel\" aria-labelledby=\"elementor-tab-title-5473\" tabindex=\"0\" hidden=\"hidden\"><h4><strong>Auf der Anlage und im Park gelten folgende Regelungen.<\/strong><\/h4><ul><li style=\"list-style-type: none;\"><ul><li>Betreten Sie die Strecke niemals, bevor Sie eine Streckenerlaubnis und eine Startzeit haben.<\/li><li>Gehen oder klettern Sie nicht auf, in oder \u00fcber die Hindernisse.<\/li><li>Bringen Sie keine Glasflaschen und\/oder alkoholische Getr\u00e4nke mit auf die Strecke.<\/li><li>Stellen Sie sicher, dass Sie anderen keine Unannehmlichkeiten bereiten.<\/li><li>Befolgen Sie stets die Anweisungen des Personals.<\/li><\/ul><\/li><\/ul><\/div>\n\t\t\t\t\t\t\t\t\t<div class=\"elementor-tab-title elementor-tab-mobile-title\" aria-selected=\"false\" data-tab=\"4\" role=\"tab\" tabindex=\"-1\" aria-controls=\"elementor-tab-content-5474\" aria-expanded=\"false\">Scorecard<\/div>\n\t\t\t\t\t<div id=\"elementor-tab-content-5474\" class=\"elementor-tab-content elementor-clearfix\" data-tab=\"4\" role=\"tabpanel\" aria-labelledby=\"elementor-tab-title-5474\" tabindex=\"0\" hidden=\"hidden\"><p><a href=\"http:\/\/voetgolfinternational.nl\/wp-content\/uploads\/2026\/04\/Scorekaart-2025-1.png\"><img fetchpriority=\"high\" decoding=\"async\" class=\"alignnone wp-image-1494 size-medium\" src=\"http:\/\/voetgolfinternational.nl\/wp-content\/uploads\/2026\/04\/Scorekaart-2025-1-300x217.png\" alt=\"\" width=\"300\" height=\"217\" srcset=\"https:\/\/voetgolfinternational.nl\/wp-content\/uploads\/2026\/04\/Scorekaart-2025-1-300x217.png 300w, https:\/\/voetgolfinternational.nl\/wp-content\/uploads\/2026\/04\/Scorekaart-2025-1-1024x742.png 1024w, https:\/\/voetgolfinternational.nl\/wp-content\/uploads\/2026\/04\/Scorekaart-2025-1-768x556.png 768w, https:\/\/voetgolfinternational.nl\/wp-content\/uploads\/2026\/04\/Scorekaart-2025-1-1536x1113.png 1536w, https:\/\/voetgolfinternational.nl\/wp-content\/uploads\/2026\/04\/Scorekaart-2025-1-18x12.png 18w, https:\/\/voetgolfinternational.nl\/wp-content\/uploads\/2026\/04\/Scorekaart-2025-1.png 1771w\" sizes=\"(max-width: 300px) 100vw, 300px\" \/><\/a>\u00a0 \u00a0 <a href=\"http:\/\/voetgolfinternational.nl\/wp-content\/uploads\/2026\/04\/Scorekaart-2025-2.png\"><img decoding=\"async\" class=\"alignnone wp-image-1495 size-medium\" src=\"http:\/\/voetgolfinternational.nl\/wp-content\/uploads\/2026\/04\/Scorekaart-2025-2-300x217.png\" alt=\"\" width=\"300\" height=\"217\" srcset=\"https:\/\/voetgolfinternational.nl\/wp-content\/uploads\/2026\/04\/Scorekaart-2025-2-300x217.png 300w, https:\/\/voetgolfinternational.nl\/wp-content\/uploads\/2026\/04\/Scorekaart-2025-2-1024x742.png 1024w, https:\/\/voetgolfinternational.nl\/wp-content\/uploads\/2026\/04\/Scorekaart-2025-2-768x556.png 768w, https:\/\/voetgolfinternational.nl\/wp-content\/uploads\/2026\/04\/Scorekaart-2025-2-1536x1113.png 1536w, https:\/\/voetgolfinternational.nl\/wp-content\/uploads\/2026\/04\/Scorekaart-2025-2-18x12.png 18w, https:\/\/voetgolfinternational.nl\/wp-content\/uploads\/2026\/04\/Scorekaart-2025-2.png 1771w\" sizes=\"(max-width: 300px) 100vw, 300px\" \/><\/a><\/p><\/div>\n\t\t\t\t\t\t\t<\/div>\n\t\t<\/div>\n\t\t\t\t<\/div>\n\t\t\t\t<\/div>\n\t\t\t\t<div class=\"elementor-element elementor-element-b64bdf8 elementor-align-left elementor-widget elementor-widget-button\" data-id=\"b64bdf8\" data-element_type=\"widget\" data-widget_type=\"button.default\">\n\t\t\t\t<div class=\"elementor-widget-container\">\n\t\t\t\t\t<div class=\"elementor-button-wrapper\">\n\t\t\t<a class=\"elementor-button elementor-button-link elementor-size-md\" href=\"https:\/\/voetgolfinternational.nl\/de\/reserveren\/\">\n\t\t\t\t\t\t<span class=\"elementor-button-content-wrapper\">\n\t\t\t\t\t\t\t\t\t<span class=\"elementor-button-text\">Reservieren<\/span>\n\t\t\t\t\t<\/span>\n\t\t\t\t\t<\/a>\n\t\t<\/div>\n\t\t\t\t<\/div>\n\t\t\t\t<\/div>\n\t\t\t\t<div class=\"elementor-element elementor-element-394e452 elementor-arrows-position-outside elementor-widget elementor-widget-image-carousel\" data-id=\"394e452\" data-element_type=\"widget\" data-settings=\"{&quot;slides_to_show&quot;:&quot;4&quot;,&quot;slides_to_show_tablet&quot;:&quot;2&quot;,&quot;slides_to_show_mobile&quot;:&quot;1&quot;,&quot;slides_to_scroll&quot;:&quot;1&quot;,&quot;slides_to_scroll_tablet&quot;:&quot;1&quot;,&quot;navigation&quot;:&quot;arrows&quot;,&quot;pause_on_hover&quot;:&quot;no&quot;,&quot;pause_on_interaction&quot;:&quot;no&quot;,&quot;autoplay_speed&quot;:4000,&quot;autoplay&quot;:&quot;yes&quot;,&quot;infinite&quot;:&quot;yes&quot;,&quot;speed&quot;:500,&quot;image_spacing_custom&quot;:{&quot;unit&quot;:&quot;px&quot;,&quot;size&quot;:20,&quot;sizes&quot;:[]},&quot;image_spacing_custom_tablet&quot;:{&quot;unit&quot;:&quot;px&quot;,&quot;size&quot;:&quot;&quot;,&quot;sizes&quot;:[]}}\" data-widget_type=\"image-carousel.default\">\n\t\t\t\t<div class=\"elementor-widget-container\">\n\t\t\t\t\t<div class=\"elementor-image-carousel-wrapper swiper\" dir=\"ltr\">\n\t\t\t<div class=\"elementor-image-carousel swiper-wrapper\" aria-live=\"off\">\n\t\t\t\t\t\t\t\t<div class=\"swiper-slide\" role=\"group\" aria-roledescription=\"slide\" aria-label=\"1 von 9\"><a data-elementor-open-lightbox=\"yes\" data-elementor-lightbox-slideshow=\"394e452\" data-elementor-lightbox-title=\"Voetgolf International Hole 10 - 2024-2e\" data-e-action-hash=\"#elementor-action%3Aaction%3Dlightbox%26settings%3DeyJpZCI6MTE1MCwidXJsIjoiaHR0cHM6XC9cL3ZvZXRnb2xmaW50ZXJuYXRpb25hbC5ubFwvd3AtY29udGVudFwvdXBsb2Fkc1wvMjAyNFwvMDVcL1ZvZXRnb2xmLUludGVybmF0aW9uYWwtSG9sZS0xMC0yMDI0LTJlLTEuanBnIiwic2xpZGVzaG93IjoiMzk0ZTQ1MiJ9\" href=\"https:\/\/voetgolfinternational.nl\/wp-content\/uploads\/2024\/05\/Voetgolf-International-Hole-10-2024-2e-1.jpg\"><figure class=\"swiper-slide-inner\"><img decoding=\"async\" class=\"swiper-slide-image\" src=\"https:\/\/voetgolfinternational.nl\/wp-content\/uploads\/2024\/05\/Voetgolf-International-Hole-10-2024-2e-1.jpg\" alt=\"Voetgolf International Hole 10 - 2024-2e\" \/><\/figure><\/a><\/div><div class=\"swiper-slide\" role=\"group\" aria-roledescription=\"slide\" aria-label=\"2 von 9\"><a data-elementor-open-lightbox=\"yes\" data-elementor-lightbox-slideshow=\"394e452\" data-elementor-lightbox-title=\"Voetgolf International Footgolf Venlo Limburg 24-9\" data-e-action-hash=\"#elementor-action%3Aaction%3Dlightbox%26settings%3DeyJpZCI6MTE0OSwidXJsIjoiaHR0cHM6XC9cL3ZvZXRnb2xmaW50ZXJuYXRpb25hbC5ubFwvd3AtY29udGVudFwvdXBsb2Fkc1wvMjAyNFwvMDVcL1ZvZXRnb2xmLUludGVybmF0aW9uYWwtRm9vdGdvbGYtVmVubG8tTGltYnVyZy0yNC05LmpwZyIsInNsaWRlc2hvdyI6IjM5NGU0NTIifQ%3D%3D\" href=\"https:\/\/voetgolfinternational.nl\/wp-content\/uploads\/2024\/05\/Voetgolf-International-Footgolf-Venlo-Limburg-24-9.jpg\"><figure class=\"swiper-slide-inner\"><img decoding=\"async\" class=\"swiper-slide-image\" src=\"https:\/\/voetgolfinternational.nl\/wp-content\/uploads\/2024\/05\/Voetgolf-International-Footgolf-Venlo-Limburg-24-9.jpg\" alt=\"Voetgolf International Footgolf Venlo Limburg 24-9\" \/><\/figure><\/a><\/div><div class=\"swiper-slide\" role=\"group\" aria-roledescription=\"slide\" aria-label=\"3 von 9\"><a data-elementor-open-lightbox=\"yes\" data-elementor-lightbox-slideshow=\"394e452\" data-elementor-lightbox-title=\"Voetgolf International Footgolf Venlo Limburg 24-6\" data-e-action-hash=\"#elementor-action%3Aaction%3Dlightbox%26settings%3DeyJpZCI6MTE0OCwidXJsIjoiaHR0cHM6XC9cL3ZvZXRnb2xmaW50ZXJuYXRpb25hbC5ubFwvd3AtY29udGVudFwvdXBsb2Fkc1wvMjAyNFwvMDVcL1ZvZXRnb2xmLUludGVybmF0aW9uYWwtRm9vdGdvbGYtVmVubG8tTGltYnVyZy0yNC02LmpwZyIsInNsaWRlc2hvdyI6IjM5NGU0NTIifQ%3D%3D\" href=\"https:\/\/voetgolfinternational.nl\/wp-content\/uploads\/2024\/05\/Voetgolf-International-Footgolf-Venlo-Limburg-24-6.jpg\"><figure class=\"swiper-slide-inner\"><img decoding=\"async\" class=\"swiper-slide-image\" src=\"https:\/\/voetgolfinternational.nl\/wp-content\/uploads\/2024\/05\/Voetgolf-International-Footgolf-Venlo-Limburg-24-6.jpg\" alt=\"Voetgolf International Footgolf Venlo Limburg 24-6\" \/><\/figure><\/a><\/div><div class=\"swiper-slide\" role=\"group\" aria-roledescription=\"slide\" aria-label=\"4 von 9\"><a data-elementor-open-lightbox=\"yes\" data-elementor-lightbox-slideshow=\"394e452\" data-elementor-lightbox-title=\"Voetgolf International Footgolf Venlo Limburg 24-5\" data-e-action-hash=\"#elementor-action%3Aaction%3Dlightbox%26settings%3DeyJpZCI6MTE0NywidXJsIjoiaHR0cHM6XC9cL3ZvZXRnb2xmaW50ZXJuYXRpb25hbC5ubFwvd3AtY29udGVudFwvdXBsb2Fkc1wvMjAyNFwvMDVcL1ZvZXRnb2xmLUludGVybmF0aW9uYWwtRm9vdGdvbGYtVmVubG8tTGltYnVyZy0yNC01LmpwZyIsInNsaWRlc2hvdyI6IjM5NGU0NTIifQ%3D%3D\" href=\"https:\/\/voetgolfinternational.nl\/wp-content\/uploads\/2024\/05\/Voetgolf-International-Footgolf-Venlo-Limburg-24-5.jpg\"><figure class=\"swiper-slide-inner\"><img decoding=\"async\" class=\"swiper-slide-image\" src=\"https:\/\/voetgolfinternational.nl\/wp-content\/uploads\/2024\/05\/Voetgolf-International-Footgolf-Venlo-Limburg-24-5.jpg\" alt=\"Voetgolf International Footgolf Venlo Limburg 24-5\" \/><\/figure><\/a><\/div><div class=\"swiper-slide\" role=\"group\" aria-roledescription=\"slide\" aria-label=\"5 von 9\"><a data-elementor-open-lightbox=\"yes\" data-elementor-lightbox-slideshow=\"394e452\" data-elementor-lightbox-title=\"Voetgolf International Footgolf Venlo Limburg 24-4\" data-e-action-hash=\"#elementor-action%3Aaction%3Dlightbox%26settings%3DeyJpZCI6MTE0NiwidXJsIjoiaHR0cHM6XC9cL3ZvZXRnb2xmaW50ZXJuYXRpb25hbC5ubFwvd3AtY29udGVudFwvdXBsb2Fkc1wvMjAyNFwvMDVcL1ZvZXRnb2xmLUludGVybmF0aW9uYWwtRm9vdGdvbGYtVmVubG8tTGltYnVyZy0yNC00LmpwZyIsInNsaWRlc2hvdyI6IjM5NGU0NTIifQ%3D%3D\" href=\"https:\/\/voetgolfinternational.nl\/wp-content\/uploads\/2024\/05\/Voetgolf-International-Footgolf-Venlo-Limburg-24-4.jpg\"><figure class=\"swiper-slide-inner\"><img decoding=\"async\" class=\"swiper-slide-image\" src=\"https:\/\/voetgolfinternational.nl\/wp-content\/uploads\/2024\/05\/Voetgolf-International-Footgolf-Venlo-Limburg-24-4.jpg\" alt=\"Voetgolf International Footgolf Venlo Limburg 24-4\" \/><\/figure><\/a><\/div><div class=\"swiper-slide\" role=\"group\" aria-roledescription=\"slide\" aria-label=\"6 von 9\"><a data-elementor-open-lightbox=\"yes\" data-elementor-lightbox-slideshow=\"394e452\" data-elementor-lightbox-title=\"Voetgolf International Footgolf Venlo Limburg 24-3\" data-e-action-hash=\"#elementor-action%3Aaction%3Dlightbox%26settings%3DeyJpZCI6MTE0NSwidXJsIjoiaHR0cHM6XC9cL3ZvZXRnb2xmaW50ZXJuYXRpb25hbC5ubFwvd3AtY29udGVudFwvdXBsb2Fkc1wvMjAyNFwvMDVcL1ZvZXRnb2xmLUludGVybmF0aW9uYWwtRm9vdGdvbGYtVmVubG8tTGltYnVyZy0yNC0zLmpwZyIsInNsaWRlc2hvdyI6IjM5NGU0NTIifQ%3D%3D\" href=\"https:\/\/voetgolfinternational.nl\/wp-content\/uploads\/2024\/05\/Voetgolf-International-Footgolf-Venlo-Limburg-24-3.jpg\"><figure class=\"swiper-slide-inner\"><img decoding=\"async\" class=\"swiper-slide-image\" src=\"https:\/\/voetgolfinternational.nl\/wp-content\/uploads\/2024\/05\/Voetgolf-International-Footgolf-Venlo-Limburg-24-3.jpg\" alt=\"Voetgolf International Footgolf Venlo Limburg 24-3\" \/><\/figure><\/a><\/div><div class=\"swiper-slide\" role=\"group\" aria-roledescription=\"slide\" aria-label=\"7 von 9\"><a data-elementor-open-lightbox=\"yes\" data-elementor-lightbox-slideshow=\"394e452\" data-elementor-lightbox-title=\"Voetgolf International Footgolf Venlo Limburg 24-2\" data-e-action-hash=\"#elementor-action%3Aaction%3Dlightbox%26settings%3DeyJpZCI6MTE0NCwidXJsIjoiaHR0cHM6XC9cL3ZvZXRnb2xmaW50ZXJuYXRpb25hbC5ubFwvd3AtY29udGVudFwvdXBsb2Fkc1wvMjAyNFwvMDVcL1ZvZXRnb2xmLUludGVybmF0aW9uYWwtRm9vdGdvbGYtVmVubG8tTGltYnVyZy0yNC0yLmpwZyIsInNsaWRlc2hvdyI6IjM5NGU0NTIifQ%3D%3D\" href=\"https:\/\/voetgolfinternational.nl\/wp-content\/uploads\/2024\/05\/Voetgolf-International-Footgolf-Venlo-Limburg-24-2.jpg\"><figure class=\"swiper-slide-inner\"><img decoding=\"async\" class=\"swiper-slide-image\" src=\"https:\/\/voetgolfinternational.nl\/wp-content\/uploads\/2024\/05\/Voetgolf-International-Footgolf-Venlo-Limburg-24-2.jpg\" alt=\"Voetgolf International Footgolf Venlo Limburg 24-2\" \/><\/figure><\/a><\/div><div class=\"swiper-slide\" role=\"group\" aria-roledescription=\"slide\" aria-label=\"8 von 9\"><a data-elementor-open-lightbox=\"yes\" data-elementor-lightbox-slideshow=\"394e452\" data-elementor-lightbox-title=\"Voetgolf International Footgolf Venlo Limburg 24-12\" data-e-action-hash=\"#elementor-action%3Aaction%3Dlightbox%26settings%3DeyJpZCI6MTE0MywidXJsIjoiaHR0cHM6XC9cL3ZvZXRnb2xmaW50ZXJuYXRpb25hbC5ubFwvd3AtY29udGVudFwvdXBsb2Fkc1wvMjAyNFwvMDVcL1ZvZXRnb2xmLUludGVybmF0aW9uYWwtRm9vdGdvbGYtVmVubG8tTGltYnVyZy0yNC0xMi5qcGciLCJzbGlkZXNob3ciOiIzOTRlNDUyIn0%3D\" href=\"https:\/\/voetgolfinternational.nl\/wp-content\/uploads\/2024\/05\/Voetgolf-International-Footgolf-Venlo-Limburg-24-12.jpg\"><figure class=\"swiper-slide-inner\"><img decoding=\"async\" class=\"swiper-slide-image\" src=\"https:\/\/voetgolfinternational.nl\/wp-content\/uploads\/2024\/05\/Voetgolf-International-Footgolf-Venlo-Limburg-24-12.jpg\" alt=\"Voetgolf International Footgolf Venlo Limburg 24-12\" \/><\/figure><\/a><\/div><div class=\"swiper-slide\" role=\"group\" aria-roledescription=\"slide\" aria-label=\"9 von 9\"><a data-elementor-open-lightbox=\"yes\" data-elementor-lightbox-slideshow=\"394e452\" data-elementor-lightbox-title=\"Voetgolf International Footgolf soccerpark Venlo 24-2e\" data-e-action-hash=\"#elementor-action%3Aaction%3Dlightbox%26settings%3DeyJpZCI6MTE0MiwidXJsIjoiaHR0cHM6XC9cL3ZvZXRnb2xmaW50ZXJuYXRpb25hbC5ubFwvd3AtY29udGVudFwvdXBsb2Fkc1wvMjAyNFwvMDVcL1ZvZXRnb2xmLUludGVybmF0aW9uYWwtRm9vdGdvbGYtc29jY2VycGFyay1WZW5sby0yNC0yZS5qcGciLCJzbGlkZXNob3ciOiIzOTRlNDUyIn0%3D\" href=\"https:\/\/voetgolfinternational.nl\/wp-content\/uploads\/2024\/05\/Voetgolf-International-Footgolf-soccerpark-Venlo-24-2e.jpg\"><figure class=\"swiper-slide-inner\"><img decoding=\"async\" class=\"swiper-slide-image\" src=\"https:\/\/voetgolfinternational.nl\/wp-content\/uploads\/2024\/05\/Voetgolf-International-Footgolf-soccerpark-Venlo-24-2e.jpg\" alt=\"Voetgolf International Footgolf soccerpark Venlo 24-2e\" \/><\/figure><\/a><\/div>\t\t\t<\/div>\n\t\t\t\t\t\t\t\t\t\t\t\t<div class=\"elementor-swiper-button elementor-swiper-button-prev\" role=\"button\" tabindex=\"0\">\n\t\t\t\t\t\t<i aria-hidden=\"true\" class=\"eicon-chevron-left\"><\/i>\t\t\t\t\t<\/div>\n\t\t\t\t\t<div class=\"elementor-swiper-button elementor-swiper-button-next\" role=\"button\" tabindex=\"0\">\n\t\t\t\t\t\t<i aria-hidden=\"true\" class=\"eicon-chevron-right\"><\/i>\t\t\t\t\t<\/div>\n\t\t\t\t\n\t\t\t\t\t\t\t\t\t<\/div>\n\t\t\t\t<\/div>\n\t\t\t\t<\/div>\n\t\t\t\t\t<\/div>\n\t\t<\/div>\n\t\t\t\t\t<\/div>\n\t\t<\/section>\n\t\t\t\t<\/div>","protected":false},"excerpt":{"rendered":"<p>Speluitleg Spelregels voorschriften Scorekaart Speluitleg Uitleg van voetgolf Duur\u00a0:\u00a0 1 uur of 2 uur speeltijd.\u00a0 Schoenen\u00a0: Sportschoenen, sneakers\u00a0( geen voetbalschoenen met noppen toegestaan ) Voetgolf is een combinatie van een onderdeel uit de voetbalsport, namelijk traptechniek, en het baaninzicht van golf, oftewel coursemanagement. De spelregels van golf zijn hoofdzakelijk van toepassing bij voetgolf. Op alle [&hellip;]<\/p>","protected":false},"author":1,"featured_media":0,"parent":0,"menu_order":0,"comment_status":"closed","ping_status":"closed","template":"","meta":{"footnotes":""},"class_list":["post-28","page","type-page","status-publish","hentry"],"_links":{"self":[{"href":"https:\/\/voetgolfinternational.nl\/de\/wp-json\/wp\/v2\/pages\/28","targetHints":{"allow":["GET"]}}],"collection":[{"href":"https:\/\/voetgolfinternational.nl\/de\/wp-json\/wp\/v2\/pages"}],"about":[{"href":"https:\/\/voetgolfinternational.nl\/de\/wp-json\/wp\/v2\/types\/page"}],"author":[{"embeddable":true,"href":"https:\/\/voetgolfinternational.nl\/de\/wp-json\/wp\/v2\/users\/1"}],"replies":[{"embeddable":true,"href":"https:\/\/voetgolfinternational.nl\/de\/wp-json\/wp\/v2\/comments?post=28"}],"version-history":[{"count":70,"href":"https:\/\/voetgolfinternational.nl\/de\/wp-json\/wp\/v2\/pages\/28\/revisions"}],"predecessor-version":[{"id":1500,"href":"https:\/\/voetgolfinternational.nl\/de\/wp-json\/wp\/v2\/pages\/28\/revisions\/1500"}],"wp:attachment":[{"href":"https:\/\/voetgolfinternational.nl\/de\/wp-json\/wp\/v2\/media?parent=28"}],"curies":[{"name":"wp","href":"https:\/\/api.w.org\/{rel}","templated":true}]}}